{"id":83,"date":"2023-08-05T16:27:52","date_gmt":"2023-08-05T16:27:52","guid":{"rendered":"http:\/\/fantasiadanseorientale.fr\/?page_id=83"},"modified":"2023-08-26T08:22:50","modified_gmt":"2023-08-26T08:22:50","slug":"contactez-nous","status":"publish","type":"page","link":"https:\/\/fantasiadanseorientale.fr\/landing-page\/?page_id=83","title":{"rendered":"Contact"},"content":{"rendered":"\n[et_pb_section fb_built=\u00a0\u00bb1&Prime; custom_padding_last_edited=\u00a0\u00bbon|phone\u00a0\u00bb admin_label=\u00a0\u00bbHeader\u00a0\u00bb _builder_version=\u00a0\u00bb4.21.0&Prime; _module_preset=\u00a0\u00bbdefault\u00a0\u00bb background_color=\u00a0\u00bb#f9f3fd\u00a0\u00bb custom_padding_tablet=\u00a0\u00bb||0px||false|false\u00a0\u00bb custom_padding_phone=\u00a0\u00bb||0px||false|false\u00a0\u00bb hover_enabled=\u00a0\u00bb0&Prime; locked=\u00a0\u00bboff\u00a0\u00bb global_colors_info=\u00a0\u00bb{}\u00a0\u00bb theme_builder_area=\u00a0\u00bbpost_content\u00a0\u00bb title_text=\u00a0\u00bbSin t\u00edtulo-2&Prime; background_image=\u00a0\u00bbhttp:\/\/fantasiadanseorientale.fr\/wp-content\/uploads\/2023\/08\/Sin-titulo-2.png\u00a0\u00bb sticky_enabled=\u00a0\u00bb0&Prime; custom_margin=\u00a0\u00bb-71px||||false|false\u00a0\u00bb][et_pb_row _builder_version=\u00a0\u00bb4.16&Prime; _module_preset=\u00a0\u00bbdefault\u00a0\u00bb global_colors_info=\u00a0\u00bb{}\u00a0\u00bb theme_builder_area=\u00a0\u00bbpost_content\u00a0\u00bb][et_pb_column type=\u00a0\u00bb4_4&Prime; _builder_version=\u00a0\u00bb4.16&Prime; _module_preset=\u00a0\u00bbdefault\u00a0\u00bb global_colors_info=\u00a0\u00bb{}\u00a0\u00bb theme_builder_area=\u00a0\u00bbpost_content\u00a0\u00bb][et_pb_text _builder_version=\u00a0\u00bb4.16&Prime; _module_preset=\u00a0\u00bbb53a70bb-9f62-4ee5-b34f-c7a321ddbf6c\u00a0\u00bb header_font=\u00a0\u00bbCormorant Infant|700|||||||\u00a0\u00bb header_text_color=\u00a0\u00bb#442854&Prime; header_font_size=\u00a0\u00bb130px\u00a0\u00bb header_line_height=\u00a0\u00bb0.8em\u00a0\u00bb text_orientation=\u00a0\u00bbcenter\u00a0\u00bb custom_margin=\u00a0\u00bb||-42px||false|false\u00a0\u00bb custom_margin_tablet=\u00a0\u00bb||0px||false|false\u00a0\u00bb custom_margin_phone=\u00a0\u00bb||0px||false|false\u00a0\u00bb custom_margin_last_edited=\u00a0\u00bbon|tablet\u00a0\u00bb header_font_size_tablet=\u00a0\u00bb60px\u00a0\u00bb header_font_size_phone=\u00a0\u00bb40px\u00a0\u00bb header_font_size_last_edited=\u00a0\u00bbon|phone\u00a0\u00bb global_colors_info=\u00a0\u00bb{}\u00a0\u00bb theme_builder_area=\u00a0\u00bbpost_content\u00a0\u00bb inline_fonts=\u00a0\u00bbCardo\u00a0\u00bb]<h1><span style=\"font-family: Cardo; font-weight: normal; color: #ffffff; font-size: xx-large;\">\u00ab\u00a0Dansez au rythme de Fantasia, rejoignez notre passionn\u00e9e communaut\u00e9 !\u00a0\u00bb<\/span><\/h1>[\/et_pb_text][\/et_pb_column][\/et_pb_row][et_pb_row column_structure=\u00a0\u00bb1_2,1_2&Prime; _builder_version=\u00a0\u00bb4.21.0&Prime; _module_preset=\u00a0\u00bbdefault\u00a0\u00bb max_width_tablet=\u00a0\u00bb400px\u00a0\u00bb max_width_phone=\u00a0\u00bb320px\u00a0\u00bb max_width_last_edited=\u00a0\u00bbon|phone\u00a0\u00bb hover_enabled=\u00a0\u00bb0&Prime; global_colors_info=\u00a0\u00bb{}\u00a0\u00bb theme_builder_area=\u00a0\u00bbpost_content\u00a0\u00bb sticky_enabled=\u00a0\u00bb0&Prime;][et_pb_column type=\u00a0\u00bb1_2&Prime; _builder_version=\u00a0\u00bb4.21.0&Prime; _module_preset=\u00a0\u00bbdefault\u00a0\u00bb background_color=\u00a0\u00bb#921d5e\u00a0\u00bb custom_padding=\u00a0\u00bb40px|60px|20%|60px|false|true\u00a0\u00bb custom_padding_tablet=\u00a0\u00bb50px|30px||30px|false|true\u00a0\u00bb custom_padding_phone=\u00a0\u00bb50px||||false|false\u00a0\u00bb custom_padding_last_edited=\u00a0\u00bbon|phone\u00a0\u00bb hover_enabled=\u00a0\u00bb0&Prime; border_radii=\u00a0\u00bboff|||300px|300px\u00a0\u00bb box_shadow_style=\u00a0\u00bbpreset4&Prime; box_shadow_color=\u00a0\u00bbrgba(68,40,84,0.2)\u00a0\u00bb global_colors_info=\u00a0\u00bb{}\u00a0\u00bb theme_builder_area=\u00a0\u00bbpost_content\u00a0\u00bb sticky_enabled=\u00a0\u00bb0&Prime; box_shadow_horizontal=\u00a0\u00bb20px\u00a0\u00bb][et_pb_text _builder_version=\u00a0\u00bb4.21.0&Prime; _module_preset=\u00a0\u00bbb6cb9bd8-0fbd-4699-b58d-51b3d480db23&Prime; header_2_font=\u00a0\u00bbCormorant Infant|700|||||||\u00a0\u00bb header_2_text_color=\u00a0\u00bb#442854&Prime; header_2_font_size=\u00a0\u00bb80px\u00a0\u00bb header_2_line_height=\u00a0\u00bb0.95em\u00a0\u00bb custom_margin=\u00a0\u00bb||10px||false|false\u00a0\u00bb hover_enabled=\u00a0\u00bb0&Prime; header_2_font_size_tablet=\u00a0\u00bb32px\u00a0\u00bb header_2_font_size_phone=\u00a0\u00bb24px\u00a0\u00bb header_2_font_size_last_edited=\u00a0\u00bbon|phone\u00a0\u00bb locked=\u00a0\u00bboff\u00a0\u00bb global_colors_info=\u00a0\u00bb{}\u00a0\u00bb theme_builder_area=\u00a0\u00bbpost_content\u00a0\u00bb sticky_enabled=\u00a0\u00bb0&Prime; inline_fonts=\u00a0\u00bbCardo\u00a0\u00bb text_font=\u00a0\u00bbCardo||||||||\u00a0\u00bb text_font_size=\u00a0\u00bb43px\u00a0\u00bb]<h2><span style=\"font-family: Cardo; font-size: xx-large; color: #ffffff;\">Contactez-nous<\/span><\/h2>[\/et_pb_text][et_pb_text _builder_version=\u00a0\u00bb4.21.0&Prime; _module_preset=\u00a0\u00bbf0cf31b9-b2e7-4752-a57c-6e2f73347b36&Prime; text_font=\u00a0\u00bbCabin||||||||\u00a0\u00bb text_text_color=\u00a0\u00bb#442854&Prime; text_font_size=\u00a0\u00bb18px\u00a0\u00bb text_line_height=\u00a0\u00bb1.8em\u00a0\u00bb link_font=\u00a0\u00bb||||on||||\u00a0\u00bb link_text_color=\u00a0\u00bb#442854&Prime; hover_enabled=\u00a0\u00bb0&Prime; text_font_size_tablet=\u00a0\u00bb16px\u00a0\u00bb text_font_size_phone=\u00a0\u00bb14px\u00a0\u00bb text_font_size_last_edited=\u00a0\u00bbon|tablet\u00a0\u00bb header_font_size_tablet=\u00a0\u00bb55px\u00a0\u00bb header_font_size_last_edited=\u00a0\u00bboff|desktop\u00a0\u00bb global_colors_info=\u00a0\u00bb{}\u00a0\u00bb theme_builder_area=\u00a0\u00bbpost_content\u00a0\u00bb header_3_font=\u00a0\u00bbCardo||||||||\u00a0\u00bb header_2_font=\u00a0\u00bbCardo||||||||\u00a0\u00bb header_font=\u00a0\u00bbCardo|700|||||||\u00a0\u00bb header_4_font=\u00a0\u00bbCardo||||||||\u00a0\u00bb header_5_font=\u00a0\u00bbCardo||||||||\u00a0\u00bb sticky_enabled=\u00a0\u00bb0&Prime;]<p><span style=\"color: #ffffff;\">+33 6 37 39 61 04<\/span><\/p>\n<p><span style=\"color: #ffffff;\">contact@fantasiadanseorientale.fr<\/span><\/p>\n<p>&nbsp;<\/p>[\/et_pb_text][\/et_pb_column][et_pb_column type=\u00a0\u00bb1_2&Prime; _builder_version=\u00a0\u00bb4.16&Prime; _module_preset=\u00a0\u00bbdefault\u00a0\u00bb custom_padding=\u00a0\u00bb50px||||false|false\u00a0\u00bb custom_padding_tablet=\u00a0\u00bb0px||||false|false\u00a0\u00bb custom_padding_phone=\u00a0\u00bb||||false|false\u00a0\u00bb custom_padding_last_edited=\u00a0\u00bbon|phone\u00a0\u00bb global_colors_info=\u00a0\u00bb{}\u00a0\u00bb theme_builder_area=\u00a0\u00bbpost_content\u00a0\u00bb][et_pb_contact_form captcha=\u00a0\u00bboff\u00a0\u00bb _builder_version=\u00a0\u00bb4.21.0&Prime; _module_preset=\u00a0\u00bbdefault\u00a0\u00bb _unique_id=\u00a0\u00bb4656c40d-c878-4c83-acfd-e89166fb0636&Prime; form_field_background_color=\u00a0\u00bbRGBA(255,255,255,0)\u00a0\u00bb form_field_text_color=\u00a0\u00bb#FFFFFF\u00a0\u00bb form_field_font=\u00a0\u00bbCardo||||||||\u00a0\u00bb form_field_font_size=\u00a0\u00bb16px\u00a0\u00bb form_field_line_height=\u00a0\u00bb1.8em\u00a0\u00bb custom_button=\u00a0\u00bbon\u00a0\u00bb button_text_size=\u00a0\u00bb18px\u00a0\u00bb button_text_color=\u00a0\u00bb#FFFFFF\u00a0\u00bb button_bg_color=\u00a0\u00bb#f2924a\u00a0\u00bb button_border_width=\u00a0\u00bb0px\u00a0\u00bb button_border_radius=\u00a0\u00bb50px\u00a0\u00bb button_font=\u00a0\u00bbCormorant Infant|700|||||||\u00a0\u00bb button_icon=\u00a0\u00bb&#x24;||divi||400&Prime; button_custom_margin=\u00a0\u00bb20px||||false|false\u00a0\u00bb button_custom_padding=\u00a0\u00bb12px|32px|12px|32px|true|true\u00a0\u00bb hover_enabled=\u00a0\u00bb0&Prime; border_radii=\u00a0\u00bbon|32px|32px|32px|32px\u00a0\u00bb border_width_all=\u00a0\u00bb2px\u00a0\u00bb border_color_all=\u00a0\u00bb#FFFFFF\u00a0\u00bb global_colors_info=\u00a0\u00bb{}\u00a0\u00bb theme_builder_area=\u00a0\u00bbpost_content\u00a0\u00bb text_orientation=\u00a0\u00bbleft\u00a0\u00bb button_bg_enable_color=\u00a0\u00bbon\u00a0\u00bb sticky_enabled=\u00a0\u00bb0&Prime; box_shadow_style=\u00a0\u00bbpreset4&Prime; box_shadow_style_button=\u00a0\u00bbpreset4&Prime;][et_pb_contact_field field_id=\u00a0\u00bbNom_et_Pr\u00e9nom\u00a0\u00bb field_title=\u00a0\u00bbNom et Pr\u00e9nom\u00a0\u00bb fullwidth_field=\u00a0\u00bbon\u00a0\u00bb _builder_version=\u00a0\u00bb4.21.0&Prime; hover_enabled=\u00a0\u00bb0&Prime; global_colors_info=\u00a0\u00bb{}\u00a0\u00bb button_text_size__hover_enabled=\u00a0\u00bboff\u00a0\u00bb button_one_text_size__hover_enabled=\u00a0\u00bboff\u00a0\u00bb button_two_text_size__hover_enabled=\u00a0\u00bboff\u00a0\u00bb button_text_color__hover_enabled=\u00a0\u00bboff\u00a0\u00bb button_one_text_color__hover_enabled=\u00a0\u00bboff\u00a0\u00bb button_two_text_color__hover_enabled=\u00a0\u00bboff\u00a0\u00bb button_border_width__hover_enabled=\u00a0\u00bboff\u00a0\u00bb button_one_border_width__hover_enabled=\u00a0\u00bboff\u00a0\u00bb button_two_border_width__hover_enabled=\u00a0\u00bboff\u00a0\u00bb button_border_color__hover_enabled=\u00a0\u00bboff\u00a0\u00bb button_one_border_color__hover_enabled=\u00a0\u00bboff\u00a0\u00bb button_two_border_color__hover_enabled=\u00a0\u00bboff\u00a0\u00bb button_border_radius__hover_enabled=\u00a0\u00bboff\u00a0\u00bb button_one_border_radius__hover_enabled=\u00a0\u00bboff\u00a0\u00bb button_two_border_radius__hover_enabled=\u00a0\u00bboff\u00a0\u00bb button_letter_spacing__hover_enabled=\u00a0\u00bboff\u00a0\u00bb button_one_letter_spacing__hover_enabled=\u00a0\u00bboff\u00a0\u00bb button_two_letter_spacing__hover_enabled=\u00a0\u00bboff\u00a0\u00bb button_bg_color__hover_enabled=\u00a0\u00bboff\u00a0\u00bb button_one_bg_color__hover_enabled=\u00a0\u00bboff\u00a0\u00bb button_two_bg_color__hover_enabled=\u00a0\u00bboff\u00a0\u00bb theme_builder_area=\u00a0\u00bbpost_content\u00a0\u00bb sticky_enabled=\u00a0\u00bb0&Prime;][\/et_pb_contact_field][et_pb_contact_field field_id=\u00a0\u00bbEmail\u00a0\u00bb field_title=\u00a0\u00bbEmail \u00a0\u00bb field_type=\u00a0\u00bbemail\u00a0\u00bb fullwidth_field=\u00a0\u00bbon\u00a0\u00bb _builder_version=\u00a0\u00bb4.21.0&Prime; hover_enabled=\u00a0\u00bb0&Prime; global_colors_info=\u00a0\u00bb{}\u00a0\u00bb button_text_size__hover_enabled=\u00a0\u00bboff\u00a0\u00bb button_one_text_size__hover_enabled=\u00a0\u00bboff\u00a0\u00bb button_two_text_size__hover_enabled=\u00a0\u00bboff\u00a0\u00bb button_text_color__hover_enabled=\u00a0\u00bboff\u00a0\u00bb button_one_text_color__hover_enabled=\u00a0\u00bboff\u00a0\u00bb button_two_text_color__hover_enabled=\u00a0\u00bboff\u00a0\u00bb button_border_width__hover_enabled=\u00a0\u00bboff\u00a0\u00bb button_one_border_width__hover_enabled=\u00a0\u00bboff\u00a0\u00bb button_two_border_width__hover_enabled=\u00a0\u00bboff\u00a0\u00bb button_border_color__hover_enabled=\u00a0\u00bboff\u00a0\u00bb button_one_border_color__hover_enabled=\u00a0\u00bboff\u00a0\u00bb button_two_border_color__hover_enabled=\u00a0\u00bboff\u00a0\u00bb button_border_radius__hover_enabled=\u00a0\u00bboff\u00a0\u00bb button_one_border_radius__hover_enabled=\u00a0\u00bboff\u00a0\u00bb button_two_border_radius__hover_enabled=\u00a0\u00bboff\u00a0\u00bb button_letter_spacing__hover_enabled=\u00a0\u00bboff\u00a0\u00bb button_one_letter_spacing__hover_enabled=\u00a0\u00bboff\u00a0\u00bb button_two_letter_spacing__hover_enabled=\u00a0\u00bboff\u00a0\u00bb button_bg_color__hover_enabled=\u00a0\u00bboff\u00a0\u00bb button_one_bg_color__hover_enabled=\u00a0\u00bboff\u00a0\u00bb button_two_bg_color__hover_enabled=\u00a0\u00bboff\u00a0\u00bb theme_builder_area=\u00a0\u00bbpost_content\u00a0\u00bb sticky_enabled=\u00a0\u00bb0&Prime;][\/et_pb_contact_field][et_pb_contact_field fullwidth_field=\u00a0\u00bbon\u00a0\u00bb _builder_version=\u00a0\u00bb4.21.0&Prime; _module_preset=\u00a0\u00bbdefault\u00a0\u00bb theme_builder_area=\u00a0\u00bbpost_content\u00a0\u00bb field_id=\u00a0\u00bbType_de_demande\u00a0\u00bb field_title=\u00a0\u00bbVotre demande concerne: \u00a0\u00bb field_type=\u00a0\u00bbselect\u00a0\u00bb select_options=\u00a0\u00bb%91{%22dragID%22:0,%22value%22:%22Une Prestation%22,%22checked%22:0},{%22value%22:%22Des informations g\u00e9n\u00e9rales%22,%22checked%22:0,%22dragID%22:-1},{%22value%22:%22Une collaboration%22,%22checked%22:0,%22dragID%22:1},{%22value%22:%22Autre%22,%22checked%22:0,%22dragID%22:2}%93&Prime; hover_enabled=\u00a0\u00bb0&Prime; sticky_enabled=\u00a0\u00bb0&Prime;][\/et_pb_contact_field][et_pb_contact_field field_id=\u00a0\u00bbMessage\u00a0\u00bb field_title=\u00a0\u00bbMessage\u00a0\u00bb field_type=\u00a0\u00bbtext\u00a0\u00bb fullwidth_field=\u00a0\u00bbon\u00a0\u00bb _builder_version=\u00a0\u00bb4.16&Prime; global_colors_info=\u00a0\u00bb{}\u00a0\u00bb button_text_size__hover_enabled=\u00a0\u00bboff\u00a0\u00bb button_one_text_size__hover_enabled=\u00a0\u00bboff\u00a0\u00bb button_two_text_size__hover_enabled=\u00a0\u00bboff\u00a0\u00bb button_text_color__hover_enabled=\u00a0\u00bboff\u00a0\u00bb button_one_text_color__hover_enabled=\u00a0\u00bboff\u00a0\u00bb button_two_text_color__hover_enabled=\u00a0\u00bboff\u00a0\u00bb button_border_width__hover_enabled=\u00a0\u00bboff\u00a0\u00bb button_one_border_width__hover_enabled=\u00a0\u00bboff\u00a0\u00bb button_two_border_width__hover_enabled=\u00a0\u00bboff\u00a0\u00bb button_border_color__hover_enabled=\u00a0\u00bboff\u00a0\u00bb button_one_border_color__hover_enabled=\u00a0\u00bboff\u00a0\u00bb button_two_border_color__hover_enabled=\u00a0\u00bboff\u00a0\u00bb button_border_radius__hover_enabled=\u00a0\u00bboff\u00a0\u00bb button_one_border_radius__hover_enabled=\u00a0\u00bboff\u00a0\u00bb button_two_border_radius__hover_enabled=\u00a0\u00bboff\u00a0\u00bb button_letter_spacing__hover_enabled=\u00a0\u00bboff\u00a0\u00bb button_one_letter_spacing__hover_enabled=\u00a0\u00bboff\u00a0\u00bb button_two_letter_spacing__hover_enabled=\u00a0\u00bboff\u00a0\u00bb button_bg_color__hover_enabled=\u00a0\u00bboff\u00a0\u00bb button_one_bg_color__hover_enabled=\u00a0\u00bboff\u00a0\u00bb button_two_bg_color__hover_enabled=\u00a0\u00bboff\u00a0\u00bb theme_builder_area=\u00a0\u00bbpost_content\u00a0\u00bb][\/et_pb_contact_field][\/et_pb_contact_form][\/et_pb_column][\/et_pb_row][\/et_pb_section]\n","protected":false},"excerpt":{"rendered":"<p>\u00ab\u00a0Dansez au rythme de Fantasia, rejoignez notre passionn\u00e9e communaut\u00e9 !\u00a0\u00bbContactez-nous+33 6 37 39 61 04 contact@fantasiadanseorientale.fr &nbsp;<\/p>\n","protected":false},"author":1,"featured_media":0,"parent":0,"menu_order":0,"comment_status":"closed","ping_status":"closed","template":"","meta":{"_et_pb_use_builder":"on","_et_pb_old_content":"<!-- wp:divi\/placeholder \/-->","_et_gb_content_width":"","footnotes":""},"class_list":["post-83","page","type-page","status-publish","hentry"],"yoast_head":"<!-- This site is optimized with the Yoast SEO plugin v21.0 - https:\/\/yoast.com\/wordpress\/plugins\/seo\/ -->\n<title>Contact - Fantasia Danse orientale<\/title>\n<meta name=\"description\" content=\"Vous avez une question particuli\u00e8re?, vous souhaitez rejoindre les fantasiettes? n&#039;h\u00e9sitez pas \u00e0 nous laisser un message. \u00c0 tr\u00e8s vite\" \/>\n<meta name=\"robots\" content=\"index, follow, max-snippet:-1, max-image-preview:large, max-video-preview:-1\" \/>\n<link rel=\"canonical\" href=\"https:\/\/fantasiadanseorientale.fr\/landing-page\/?page_id=83\" \/>\n<meta property=\"og:locale\" content=\"fr_FR\" \/>\n<meta property=\"og:type\" content=\"article\" \/>\n<meta property=\"og:title\" content=\"Contact - Fantasia Danse orientale\" \/>\n<meta property=\"og:description\" content=\"Vous avez une question particuli\u00e8re?, vous souhaitez rejoindre les fantasiettes? n&#039;h\u00e9sitez pas \u00e0 nous laisser un message. \u00c0 tr\u00e8s vite\" \/>\n<meta property=\"og:url\" content=\"https:\/\/fantasiadanseorientale.fr\/landing-page\/?page_id=83\" \/>\n<meta property=\"og:site_name\" content=\"Fantasia Danse orientale\" \/>\n<meta property=\"article:publisher\" content=\"https:\/\/www.facebook.com\/p\/Le-ballet-Fantasia-100063726433875\/\" \/>\n<meta property=\"article:modified_time\" content=\"2023-08-26T08:22:50+00:00\" \/>\n<meta name=\"twitter:card\" content=\"summary_large_image\" \/>\n<meta name=\"twitter:label1\" content=\"Dur\u00e9e de lecture estim\u00e9e\" \/>\n\t<meta name=\"twitter:data1\" content=\"2 minutes\" \/>\n<script type=\"application\/ld+json\" class=\"yoast-schema-graph\">{\"@context\":\"https:\/\/schema.org\",\"@graph\":[{\"@type\":\"WebPage\",\"@id\":\"https:\/\/fantasiadanseorientale.fr\/landing-page\/?page_id=83\",\"url\":\"https:\/\/fantasiadanseorientale.fr\/landing-page\/?page_id=83\",\"name\":\"Contact - Fantasia Danse orientale\",\"isPartOf\":{\"@id\":\"https:\/\/fantasiadanseorientale.fr\/landing-page\/#website\"},\"datePublished\":\"2023-08-05T16:27:52+00:00\",\"dateModified\":\"2023-08-26T08:22:50+00:00\",\"description\":\"Vous avez une question particuli\u00e8re?, vous souhaitez rejoindre les fantasiettes? n'h\u00e9sitez pas \u00e0 nous laisser un message. \u00c0 tr\u00e8s vite\",\"breadcrumb\":{\"@id\":\"https:\/\/fantasiadanseorientale.fr\/landing-page\/?page_id=83#breadcrumb\"},\"inLanguage\":\"fr-FR\",\"potentialAction\":[{\"@type\":\"ReadAction\",\"target\":[\"https:\/\/fantasiadanseorientale.fr\/landing-page\/?page_id=83\"]}]},{\"@type\":\"BreadcrumbList\",\"@id\":\"https:\/\/fantasiadanseorientale.fr\/landing-page\/?page_id=83#breadcrumb\",\"itemListElement\":[{\"@type\":\"ListItem\",\"position\":1,\"name\":\"Accueil\",\"item\":\"https:\/\/fantasiadanseorientale.fr\/landing-page\/\"},{\"@type\":\"ListItem\",\"position\":2,\"name\":\"Contact\"}]},{\"@type\":\"WebSite\",\"@id\":\"https:\/\/fantasiadanseorientale.fr\/landing-page\/#website\",\"url\":\"https:\/\/fantasiadanseorientale.fr\/landing-page\/\",\"name\":\"Fantasia Danse orientale\",\"description\":\"\",\"publisher\":{\"@id\":\"https:\/\/fantasiadanseorientale.fr\/landing-page\/#organization\"},\"potentialAction\":[{\"@type\":\"SearchAction\",\"target\":{\"@type\":\"EntryPoint\",\"urlTemplate\":\"https:\/\/fantasiadanseorientale.fr\/landing-page\/?s={search_term_string}\"},\"query-input\":\"required name=search_term_string\"}],\"inLanguage\":\"fr-FR\"},{\"@type\":\"Organization\",\"@id\":\"https:\/\/fantasiadanseorientale.fr\/landing-page\/#organization\",\"name\":\"Fantasia Danse orientale\",\"url\":\"https:\/\/fantasiadanseorientale.fr\/landing-page\/\",\"logo\":{\"@type\":\"ImageObject\",\"inLanguage\":\"fr-FR\",\"@id\":\"https:\/\/fantasiadanseorientale.fr\/landing-page\/#\/schema\/logo\/image\/\",\"url\":\"http:\/\/fantasiadanseorientale.fr\/wp-content\/uploads\/2023\/08\/logofan-1.png\",\"contentUrl\":\"http:\/\/fantasiadanseorientale.fr\/wp-content\/uploads\/2023\/08\/logofan-1.png\",\"width\":152,\"height\":75,\"caption\":\"Fantasia Danse orientale\"},\"image\":{\"@id\":\"https:\/\/fantasiadanseorientale.fr\/landing-page\/#\/schema\/logo\/image\/\"},\"sameAs\":[\"https:\/\/www.facebook.com\/p\/Le-ballet-Fantasia-100063726433875\/\",\"https:\/\/www.instagram.com\/le_ballet_fantasia\/\"]}]}<\/script>\n<!-- \/ Yoast SEO plugin. -->","yoast_head_json":{"title":"Contact - Fantasia Danse orientale","description":"Vous avez une question particuli\u00e8re?, vous souhaitez rejoindre les fantasiettes? n'h\u00e9sitez pas \u00e0 nous laisser un message. \u00c0 tr\u00e8s vite","robots":{"index":"index","follow":"follow","max-snippet":"max-snippet:-1","max-image-preview":"max-image-preview:large","max-video-preview":"max-video-preview:-1"},"canonical":"https:\/\/fantasiadanseorientale.fr\/landing-page\/?page_id=83","og_locale":"fr_FR","og_type":"article","og_title":"Contact - Fantasia Danse orientale","og_description":"Vous avez une question particuli\u00e8re?, vous souhaitez rejoindre les fantasiettes? n'h\u00e9sitez pas \u00e0 nous laisser un message. \u00c0 tr\u00e8s vite","og_url":"https:\/\/fantasiadanseorientale.fr\/landing-page\/?page_id=83","og_site_name":"Fantasia Danse orientale","article_publisher":"https:\/\/www.facebook.com\/p\/Le-ballet-Fantasia-100063726433875\/","article_modified_time":"2023-08-26T08:22:50+00:00","twitter_card":"summary_large_image","twitter_misc":{"Dur\u00e9e de lecture estim\u00e9e":"2 minutes"},"schema":{"@context":"https:\/\/schema.org","@graph":[{"@type":"WebPage","@id":"https:\/\/fantasiadanseorientale.fr\/landing-page\/?page_id=83","url":"https:\/\/fantasiadanseorientale.fr\/landing-page\/?page_id=83","name":"Contact - Fantasia Danse orientale","isPartOf":{"@id":"https:\/\/fantasiadanseorientale.fr\/landing-page\/#website"},"datePublished":"2023-08-05T16:27:52+00:00","dateModified":"2023-08-26T08:22:50+00:00","description":"Vous avez une question particuli\u00e8re?, vous souhaitez rejoindre les fantasiettes? n'h\u00e9sitez pas \u00e0 nous laisser un message. \u00c0 tr\u00e8s vite","breadcrumb":{"@id":"https:\/\/fantasiadanseorientale.fr\/landing-page\/?page_id=83#breadcrumb"},"inLanguage":"fr-FR","potentialAction":[{"@type":"ReadAction","target":["https:\/\/fantasiadanseorientale.fr\/landing-page\/?page_id=83"]}]},{"@type":"BreadcrumbList","@id":"https:\/\/fantasiadanseorientale.fr\/landing-page\/?page_id=83#breadcrumb","itemListElement":[{"@type":"ListItem","position":1,"name":"Accueil","item":"https:\/\/fantasiadanseorientale.fr\/landing-page\/"},{"@type":"ListItem","position":2,"name":"Contact"}]},{"@type":"WebSite","@id":"https:\/\/fantasiadanseorientale.fr\/landing-page\/#website","url":"https:\/\/fantasiadanseorientale.fr\/landing-page\/","name":"Fantasia Danse orientale","description":"","publisher":{"@id":"https:\/\/fantasiadanseorientale.fr\/landing-page\/#organization"},"potentialAction":[{"@type":"SearchAction","target":{"@type":"EntryPoint","urlTemplate":"https:\/\/fantasiadanseorientale.fr\/landing-page\/?s={search_term_string}"},"query-input":"required name=search_term_string"}],"inLanguage":"fr-FR"},{"@type":"Organization","@id":"https:\/\/fantasiadanseorientale.fr\/landing-page\/#organization","name":"Fantasia Danse orientale","url":"https:\/\/fantasiadanseorientale.fr\/landing-page\/","logo":{"@type":"ImageObject","inLanguage":"fr-FR","@id":"https:\/\/fantasiadanseorientale.fr\/landing-page\/#\/schema\/logo\/image\/","url":"http:\/\/fantasiadanseorientale.fr\/wp-content\/uploads\/2023\/08\/logofan-1.png","contentUrl":"http:\/\/fantasiadanseorientale.fr\/wp-content\/uploads\/2023\/08\/logofan-1.png","width":152,"height":75,"caption":"Fantasia Danse orientale"},"image":{"@id":"https:\/\/fantasiadanseorientale.fr\/landing-page\/#\/schema\/logo\/image\/"},"sameAs":["https:\/\/www.facebook.com\/p\/Le-ballet-Fantasia-100063726433875\/","https:\/\/www.instagram.com\/le_ballet_fantasia\/"]}]}},"_links":{"self":[{"href":"https:\/\/fantasiadanseorientale.fr\/landing-page\/index.php?rest_route=\/wp\/v2\/pages\/83","targetHints":{"allow":["GET"]}}],"collection":[{"href":"https:\/\/fantasiadanseorientale.fr\/landing-page\/index.php?rest_route=\/wp\/v2\/pages"}],"about":[{"href":"https:\/\/fantasiadanseorientale.fr\/landing-page\/index.php?rest_route=\/wp\/v2\/types\/page"}],"author":[{"embeddable":true,"href":"https:\/\/fantasiadanseorientale.fr\/landing-page\/index.php?rest_route=\/wp\/v2\/users\/1"}],"replies":[{"embeddable":true,"href":"https:\/\/fantasiadanseorientale.fr\/landing-page\/index.php?rest_route=%2Fwp%2Fv2%2Fcomments&post=83"}],"version-history":[{"count":8,"href":"https:\/\/fantasiadanseorientale.fr\/landing-page\/index.php?rest_route=\/wp\/v2\/pages\/83\/revisions"}],"predecessor-version":[{"id":568,"href":"https:\/\/fantasiadanseorientale.fr\/landing-page\/index.php?rest_route=\/wp\/v2\/pages\/83\/revisions\/568"}],"wp:attachment":[{"href":"https:\/\/fantasiadanseorientale.fr\/landing-page\/index.php?rest_route=%2Fwp%2Fv2%2Fmedia&parent=83"}],"curies":[{"name":"wp","href":"https:\/\/api.w.org\/{rel}","templated":true}]}}